{"id":72344,"date":"2019-03-27T19:21:03","date_gmt":"2019-03-27T22:21:03","guid":{"rendered":"https:\/\/nbc-ar.com\/productos\/"},"modified":"2023-03-23T15:49:03","modified_gmt":"2023-03-23T18:49:03","slug":"produtos","status":"publish","type":"page","link":"https:\/\/nbc-ar.com\/pt-br\/produtos\/","title":{"rendered":"Produtos de pesagem | Balan\u00e7as electr\u00f3nicas | C\u00e9lulas de carga | Mais&#8230;"},"content":{"rendered":"<p>[vc_row full_width=&#8221;stretch_row&#8221; type=&#8221;container&#8221; css=&#8221;.vc_custom_1667229833356{margin-top: 0px !important;margin-bottom: 0px !important;background-color: #0a0a0a !important;}&#8221;][vc_column][vc_empty_space height=&#8221;120px&#8221;][\/vc_column][\/vc_row][vc_row type=&#8221;container&#8221;][vc_column][vc_column_text]<\/p>\n<h2 style=\"text-align: center;\">Nossos Produtos<\/h2>\n<h3 style=\"text-align: center; margin-top: 10px; font-size: 1.5em;\">Sistemas de pesagem industrial, instrumenta\u00e7\u00e3o eletr\u00f4nica, c\u00e9lulas de carga e acess\u00f3rios<\/h3>\n<p style=\"text-align: center;\">Se voc\u00ea n\u00e3o encontrar o que est\u00e1 procurando, entre em contato conosco<br \/>\nPodemos ajud\u00e1-lo!<\/p>\n<p>[\/vc_column_text][\/vc_column][\/vc_row][vc_row type=&#8221;container&#8221; padding_top=&#8221;&#8221; padding_bottom=&#8221;&#8221; css=&#8221;.vc_custom_1447263760697{margin-bottom: 0px !important;padding-top: 50px !important;}&#8221;][vc_column width=&#8221;1\/3&#8243; css=&#8221;.vc_custom_1451766709466{margin-bottom: 35px !important;}&#8221;][vc_single_image image=&#8221;71139&#8243; img_size=&#8221;large&#8221; onclick=&#8221;custom_link&#8221; css_animation=&#8221;bottom-to-top&#8221; link=&#8221;https:\/\/nbc-ar.com\/pt-br\/producto\/celulas-de-carga\/&#8221; css=&#8221;.vc_custom_1566494423487{border-bottom-width: 0px !important;}&#8221; el_class=&#8221;zoom&#8221;][vc_column_text css=&#8221;.vc_custom_1566494454268{margin-top: -15px !important;margin-bottom: 20px !important;padding-right: 5px !important;}&#8221;]<\/p>\n<h4 class=\"feature\"><a href=\"https:\/\/nbc-ar.com\/pt-br\/producto\/celulas-de-carga\/\">C\u00e9lulas De Carga<\/a><\/h4>\n<p><span style=\"color: #999999;\">C\u00e9lulas off-center \u2013 C\u00e9lulas de feixe de corte \u2013 C\u00e9lulas de flexi\u00f3n \u2013 C\u00e9lulas de compress\u00e3o \u2013 C\u00e9lulas de tra\u00e7\u00e3o \u2013 C\u00e9lulas tipo flange \u2013 C\u00e9lulas Tipo PIN &#8211; C\u00e9lulas de torque.<\/span><\/p>\n<p><a class=\"more-link\" href=\"https:\/\/nbc-ar.com\/pt-br\/producto\/celulas-de-carga\/\">Veja Modelos<\/a>[\/vc_column_text][\/vc_column][vc_column width=&#8221;1\/3&#8243; css=&#8221;.vc_custom_1451766722338{margin-bottom: 35px !important;}&#8221;][vc_single_image image=&#8221;72322&#8243; img_size=&#8221;large&#8221; onclick=&#8221;custom_link&#8221; css_animation=&#8221;bottom-to-top&#8221; link=&#8221;https:\/\/nbc-ar.com\/pt-br\/producto\/instrumentacao\/amplificadores-de-peso\/&#8221; css=&#8221;.vc_custom_1566494551316{border-bottom-width: 0px !important;}&#8221; el_class=&#8221;zoom&#8221;][vc_column_text css=&#8221;.vc_custom_1566494572261{margin-top: -15px !important;margin-bottom: 20px !important;padding-right: 5px !important;}&#8221;]<\/p>\n<h4 class=\"feature\"><a href=\"https:\/\/nbc-ar.com\/pt-br\/producto\/instrumentacao\/amplificadores-de-peso\/\">Amplificadores de Peso<\/a><\/h4>\n<p><span style=\"color: #999999;\">M\u00f3dulos amplificadores com entrada para c\u00e9lulas de carga e sa\u00eddas de tens\u00e3o 0-10V e 0-20 e 4-20 mA e op\u00e7\u00f5es com transmiss\u00e3o RF.<\/span><\/p>\n<p><a class=\"more-link\" href=\"https:\/\/nbc-ar.com\/pt-br\/producto\/instrumentacao\/amplificadores-de-peso\/\">Veja Modelos<\/a>[\/vc_column_text][\/vc_column][vc_column width=&#8221;1\/3&#8243; css=&#8221;.vc_custom_1451766735451{margin-bottom: 35px !important;}&#8221;][vc_single_image image=&#8221;72392&#8243; img_size=&#8221;large&#8221; onclick=&#8221;custom_link&#8221; css_animation=&#8221;bottom-to-top&#8221; link=&#8221;https:\/\/nbc-ar.com\/pt-br\/producto\/instrumentacao\/indicadores-de-peso\/&#8221; css=&#8221;.vc_custom_1566494607509{border-bottom-width: 0px !important;}&#8221; el_class=&#8221;zoom&#8221;][vc_column_text css=&#8221;.vc_custom_1566494630886{margin-top: -15px !important;margin-bottom: 20px !important;padding-right: 0px !important;}&#8221;]<\/p>\n<h4 class=\"feature\"><a href=\"https:\/\/nbc-ar.com\/pt-br\/producto\/instrumentacao\/indicadores-de-peso\/\">Indicadores de peso<\/a><\/h4>\n<p><span style=\"color: #999999;\">Indicadores de peso para fins gerais, pesagem autom\u00e1tica, contadores, program\u00e1veis por teclado, com op\u00e7\u00e3o de impress\u00e3o. Fonte de alimenta\u00e7\u00e3o com 12 Vcc ou bateria.<\/span><\/p>\n<p><a class=\"more-link\" href=\"https:\/\/nbc-ar.com\/pt-br\/producto\/instrumentacao\/indicadores-de-peso\/\">Veja Modelos<\/a>[\/vc_column_text][\/vc_column][\/vc_row][vc_row type=&#8221;container&#8221; padding_top=&#8221;&#8221; padding_bottom=&#8221;&#8221; css=&#8221;.vc_custom_1451746999255{margin-bottom: 35px !important;}&#8221;][vc_column width=&#8221;1\/3&#8243;][vc_single_image image=&#8221;72316&#8243; img_size=&#8221;large&#8221; onclick=&#8221;custom_link&#8221; link=&#8221;https:\/\/nbc-ar.com\/pt-br\/producto\/instrumentacao\/controladores-por-peso\/&#8221; el_class=&#8221;zoom&#8221; css=&#8221;.vc_custom_1566494655417{margin-bottom: -10px !important;}&#8221;][vc_column_text]<\/p>\n<h4 class=\"feature\"><a href=\"https:\/\/nbc-ar.com\/pt-br\/producto\/instrumentacao\/controladores-por-peso\/\">Controladores por peso<\/a><\/h4>\n<p><span style=\"color: #999999;\">Controladores por peso de uso industrial, com programa\u00e7\u00e3o de cortes, f\u00f3rmulas, dosagem, pesagem em fita. Montagem em trilho DIN ou painel.<\/span><\/p>\n<p><a class=\"more-link\" href=\"https:\/\/nbc-ar.com\/pt-br\/producto\/instrumentacao\/controladores-por-peso\/\">Veja Modelos<\/a>[\/vc_column_text][\/vc_column][vc_column width=&#8221;1\/3&#8243;][vc_single_image image=&#8221;72317&#8243; img_size=&#8221;large&#8221; onclick=&#8221;custom_link&#8221; link=&#8221;https:\/\/nbc-ar.com\/pt-br\/producto\/instrumentacao\/transmissores-de-peso\/&#8221; el_class=&#8221;zoom&#8221; css=&#8221;.vc_custom_1566494693714{margin-bottom: -10px !important;}&#8221;][vc_column_text]<\/p>\n<h4 class=\"feature\"><a href=\"https:\/\/nbc-ar.com\/pt-br\/producto\/instrumentacao\/transmissores-de-peso\/\">Transmissores de peso<\/a><\/h4>\n<p><span style=\"color: #999999;\">Transmissores de peso industrial com trilhos DIM ou montagens de painel. Para uso com o PLC.<\/span><\/p>\n<p>&nbsp;<\/p>\n<p><a class=\"more-link\" href=\"https:\/\/nbc-ar.com\/pt-br\/producto\/instrumentacao\/transmissores-de-peso\/\">Veja Modelos<\/a>[\/vc_column_text][\/vc_column][vc_column width=&#8221;1\/3&#8243;][vc_single_image image=&#8221;72318&#8243; img_size=&#8221;large&#8221; onclick=&#8221;custom_link&#8221; link=&#8221;https:\/\/nbc-ar.com\/pt-br\/producto\/instrumentacao\/limitadores-de-carga\/&#8221; el_class=&#8221;zoom&#8221; css=&#8221;.vc_custom_1566494775932{margin-bottom: -10px !important;}&#8221;][vc_column_text]<\/p>\n<h4 class=\"feature\"><a href=\"https:\/\/nbc-ar.com\/pt-br\/producto\/instrumentacao\/limitadores-de-carga\/\">Limitadores de carga<\/a><\/h4>\n<p><span style=\"color: #999999;\">Limitadores de carga para prote\u00e7\u00e3o de elevadores, pontes rolantes, elevadores e elevadores. Sistemas de seguran\u00e7a redundantes para c\u00e9lulas com ponte dupla.<\/span><\/p>\n<p><a class=\"more-link\" href=\"https:\/\/nbc-ar.com\/pt-br\/producto\/instrumentacao\/limitadores-de-carga\/\">Veja Modelos<\/a>[\/vc_column_text][\/vc_column][\/vc_row][vc_row type=&#8221;container&#8221; padding_top=&#8221;&#8221; padding_bottom=&#8221;&#8221; css=&#8221;.vc_custom_1451746999255{margin-bottom: 35px !important;}&#8221;][vc_column width=&#8221;1\/3&#8243;][vc_single_image image=&#8221;72430&#8243; img_size=&#8221;large&#8221; onclick=&#8221;custom_link&#8221; link=&#8221;https:\/\/nbc-ar.com\/pt-br\/producto\/dinamometros\/&#8221; el_class=&#8221;zoom&#8221; css=&#8221;.vc_custom_1566494811071{margin-bottom: -10px !important;}&#8221;][vc_column_text]<\/p>\n<h4 class=\"feature\"><a href=\"https:\/\/nbc-ar.com\/pt-br\/producto\/dinamometros\/\">Dinam\u00f4metros<\/a><\/h4>\n<p><span style=\"color: #999999;\">Com capacidades de 6 kg a 25 t, para medi\u00e7\u00e3o de tens\u00e3o em lingas e cabos, ensaios de tra\u00e7\u00e3o. Coeficiente de seguran\u00e7a maior que 5. Bateria interna.<\/span><\/p>\n<p><a class=\"more-link\" href=\"https:\/\/nbc-ar.com\/pt-br\/producto\/dinamometros\/\">Veja Modelos<\/a>[\/vc_column_text][\/vc_column][vc_column width=&#8221;1\/3&#8243;][vc_single_image image=&#8221;72320&#8243; img_size=&#8221;large&#8221; onclick=&#8221;custom_link&#8221; link=&#8221;https:\/\/nbc-ar.com\/pt-br\/producto\/produtos-de-pesagem\/&#8221; el_class=&#8221;zoom&#8221; css=&#8221;.vc_custom_1566494849693{margin-bottom: -10px !important;}&#8221;][vc_column_text]<\/p>\n<h4 class=\"feature\"><a href=\"https:\/\/nbc-ar.com\/pt-br\/producto\/produtos-de-pesagem\/\">Produtos de pesagem<\/a><\/h4>\n<p><span style=\"color: #999999;\">Sistemas de controle e monitoramento de silos, funis, tanques, tanques, dossagem e misturadores.<\/span><\/p>\n<p><a class=\"more-link\" href=\"https:\/\/nbc-ar.com\/pt-br\/producto\/produtos-de-pesagem\/\">Veja Modelos<\/a>[\/vc_column_text][\/vc_column][vc_column width=&#8221;1\/3&#8243;][vc_single_image image=&#8221;72428&#8243; img_size=&#8221;large&#8221; onclick=&#8221;custom_link&#8221; link=&#8221;https:\/\/nbc-ar.com\/pt-br\/producto\/acessorios\/&#8221; el_class=&#8221;zoom&#8221; css=&#8221;.vc_custom_1566494890897{margin-bottom: -10px !important;}&#8221;][vc_column_text]<\/p>\n<h4 class=\"feature\"><a href=\"https:\/\/nbc-ar.com\/pt-br\/producto\/acessorios\/\">Acess\u00f3rios<\/a><\/h4>\n<p><span style=\"color: #999999;\">Dispositivos de montagem de alta resist\u00eancia, feitos de a\u00e7o ou a\u00e7o inoxid\u00e1vel. M\u00faltiplas fixa\u00e7\u00f5es e reten\u00e7\u00e3o nas tr\u00eas dire\u00e7\u00f5es.<\/span><\/p>\n<p><a class=\"more-link\" href=\"https:\/\/nbc-ar.com\/pt-br\/producto\/acessorios\/\">Veja Modelos<\/a>[\/vc_column_text][\/vc_column][\/vc_row]<br \/>\n[vc_row parallax=&#8221;content-moving&#8221; css_animation=&#8221;fadeIn&#8221; type=&#8221;full_page_width_inner_container&#8221; css=&#8221;.vc_custom_1667230104177{padding-top: 100px !important;padding-bottom: 75px !important;background-color: #e9e9e9 !important;}&#8221;][vc_column][vc_column_text]<\/p>\n<h3 style=\"text-align: center;\"><span class=\"quote\">\u201c<\/span>En N.B.C. ELETTRONICA Latinoam\u00e9rica ponemos a tu disposici\u00f3n toda nuestra experiencia, en el dise\u00f1o y la producci\u00f3n de balanzas industriales, celdas de carga y equipos electr\u00f3nicos de pesaje<span class=\"quote\">\u201d<\/span><\/h3>\n<p>[\/vc_column_text][vc_btn title=&#8221;AYUDA CON UN PRODUCTO&#8221; style=&#8221;outline-custom&#8221; outline_custom_color=&#8221;#292929&#8243; outline_custom_hover_background=&#8221;#292929&#8243; outline_custom_hover_text=&#8221;#ffffff&#8221; align=&#8221;center&#8221; link=&#8221;url:https%3A%2F%2Fnbc-ar.com%2Fcontacto%2F|||&#8221;][\/vc_column][\/vc_row][vc_row type=&#8221;container&#8221; css=&#8221;.vc_custom_1490459398686{margin-bottom: 10px !important;}&#8221;][vc_column css=&#8221;.vc_custom_1490653984844{margin-top: 10px !important;}&#8221;]        \n\t<script type=\"text\/javascript\">\n\n\tjQuery(document).ready(function($) {\n\n\t\t$(\"#owlslider_1119217230\").owlCarousel({\n\t\t\tautoPlay: 4000, \n\t\t\titems : 5,\n\t\t\tpagination : false,\n\t\t\tstopOnHover : true,\n\t\t\titemsDesktop : [1199,4],\n\t\t\titemsDesktopSmall : [979,3]\n\t\t}); \n\t});\n\n\t<\/script>\n\n<div class=\"cg-logos\">\n\t<div class=\"row\">\n\t\t<div id=\"owlslider_1119217230\" class=\"owl-carousel\">\n\t\t\t\n\t\t<\/div>\n\t<\/div>\n<\/div>\n\n[\/vc_column][\/vc_row]<\/p>\n","protected":false},"excerpt":{"rendered":"<p>[vc_row full_width=&#8221;stretch_row&#8221; type=&#8221;container&#8221; css=&#8221;.vc_custom_1667229833356{margin-top: 0px !important;margin-bottom: 0px !important;background-color: #0a0a0a !important;}&#8221;][vc_column][vc_empty_space height=&#8221;120px&#8221;][\/vc_column][\/vc_row][vc_row type=&#8221;container&#8221;][vc_column][vc_column_text] Nossos Produtos Sistemas de pesagem industrial, instrumenta\u00e7\u00e3o eletr\u00f4nica, c\u00e9lulas de carga e acess\u00f3rios Se voc\u00ea n\u00e3o encontrar o que est\u00e1 procurando, entre em contato conosco Podemos ajud\u00e1-lo! [\/vc_column_text][\/vc_column][\/vc_row][vc_row type=&#8221;container&#8221; padding_top=&#8221;&#8221; padding_bottom=&#8221;&#8221; css=&#8221;.vc_custom_1447263760697{margin-bottom: 0px !important;padding-top: 50px !important;}&#8221;][vc_column width=&#8221;1\/3&#8243; css=&#8221;.vc_custom_1451766709466{margin-bottom: 35px !important;}&#8221;][vc_single_image image=&#8221;71139&#8243; img_size=&#8221;large&#8221; onclick=&#8221;custom_link&#8221; [&hellip;]<\/p>\n","protected":false},"author":4,"featured_media":72308,"parent":0,"menu_order":0,"comment_status":"closed","ping_status":"closed","template":"page-full-width.php","meta":{"_acf_changed":false,"footnotes":""},"class_list":["post-72344","page","type-page","status-publish","has-post-thumbnail","hentry"],"acf":[],"yoast_head":"<title>Produtos de Pesagem | Balan\u00e7as Eletr\u00f4nicas | C\u00e9lulas de Carga | N.B.C. Elettronica Brasil<\/title>\n<meta name=\"description\" content=\"Balan\u00e7as eletr\u00f4nicas para pesagem industrial, c\u00e9lulas de carga, instrumenta\u00e7\u00e3o, dinam\u00f4metros e muito mais. Conhe\u00e7a todos os nossos produtos.\" \/>\n<meta name=\"robots\" content=\"index, follow, max-snippet:-1, max-image-preview:large, max-video-preview:-1\" \/>\n<link rel=\"canonical\" href=\"https:\/\/nbc-ar.com\/pt-br\/produtos\/\" \/>\n<meta property=\"og:locale\" content=\"pt_BR\" \/>\n<meta property=\"og:type\" content=\"article\" \/>\n<meta property=\"og:title\" content=\"Produtos de Pesagem | Balan\u00e7as Eletr\u00f4nicas | C\u00e9lulas de Carga | N.B.C. Elettronica Brasil\" \/>\n<meta property=\"og:description\" content=\"Balan\u00e7as eletr\u00f4nicas para pesagem industrial, c\u00e9lulas de carga, instrumenta\u00e7\u00e3o, dinam\u00f4metros e muito mais. Conhe\u00e7a todos os nossos produtos.\" \/>\n<meta property=\"og:url\" content=\"https:\/\/nbc-ar.com\/pt-br\/produtos\/\" \/>\n<meta property=\"og:site_name\" content=\"NBC Elettronica Latinoam\u00e9rica | Argentina\" \/>\n<meta property=\"article:modified_time\" content=\"2023-03-23T18:49:03+00:00\" \/>\n<meta property=\"og:image\" content=\"https:\/\/nbc-ar.com\/wp-content\/uploads\/nbc-elettronica-argentina-balanzas-industriales.jpg\" \/>\n\t<meta property=\"og:image:width\" content=\"600\" \/>\n\t<meta property=\"og:image:height\" content=\"600\" \/>\n\t<meta property=\"og:image:type\" content=\"image\/jpeg\" \/>\n<meta name=\"twitter:card\" content=\"summary_large_image\" \/>\n<meta name=\"twitter:label1\" content=\"Est. tempo de leitura\" \/>\n\t<meta name=\"twitter:data1\" content=\"5 minutos\" \/>\n<script type=\"application\/ld+json\" class=\"yoast-schema-graph\">{\"@context\":\"https:\/\/schema.org\",\"@graph\":[{\"@type\":\"WebPage\",\"@id\":\"https:\/\/nbc-ar.com\/pt-br\/produtos\/\",\"url\":\"https:\/\/nbc-ar.com\/pt-br\/produtos\/\",\"name\":\"Produtos de Pesagem | Balan\u00e7as Eletr\u00f4nicas | C\u00e9lulas de Carga | N.B.C. Elettronica Brasil\",\"isPartOf\":{\"@id\":\"https:\/\/nbc-ar.com\/#website\"},\"primaryImageOfPage\":{\"@id\":\"https:\/\/nbc-ar.com\/pt-br\/produtos\/#primaryimage\"},\"image\":{\"@id\":\"https:\/\/nbc-ar.com\/pt-br\/produtos\/#primaryimage\"},\"thumbnailUrl\":\"https:\/\/nbc-ar.com\/wp-content\/uploads\/nbc-elettronica-argentina-balanzas-industriales.jpg\",\"datePublished\":\"2019-03-27T22:21:03+00:00\",\"dateModified\":\"2023-03-23T18:49:03+00:00\",\"description\":\"Balan\u00e7as eletr\u00f4nicas para pesagem industrial, c\u00e9lulas de carga, instrumenta\u00e7\u00e3o, dinam\u00f4metros e muito mais. Conhe\u00e7a todos os nossos produtos.\",\"breadcrumb\":{\"@id\":\"https:\/\/nbc-ar.com\/pt-br\/produtos\/#breadcrumb\"},\"inLanguage\":\"pt-BR\",\"potentialAction\":[{\"@type\":\"ReadAction\",\"target\":[\"https:\/\/nbc-ar.com\/pt-br\/produtos\/\"]}]},{\"@type\":\"ImageObject\",\"inLanguage\":\"pt-BR\",\"@id\":\"https:\/\/nbc-ar.com\/pt-br\/produtos\/#primaryimage\",\"url\":\"https:\/\/nbc-ar.com\/wp-content\/uploads\/nbc-elettronica-argentina-balanzas-industriales.jpg\",\"contentUrl\":\"https:\/\/nbc-ar.com\/wp-content\/uploads\/nbc-elettronica-argentina-balanzas-industriales.jpg\",\"width\":600,\"height\":600},{\"@type\":\"BreadcrumbList\",\"@id\":\"https:\/\/nbc-ar.com\/pt-br\/produtos\/#breadcrumb\",\"itemListElement\":[{\"@type\":\"ListItem\",\"position\":1,\"name\":\"Home\",\"item\":\"https:\/\/nbc-ar.com\/pt-br\/\"},{\"@type\":\"ListItem\",\"position\":2,\"name\":\"Solutions\"}]},{\"@type\":\"WebSite\",\"@id\":\"https:\/\/nbc-ar.com\/#website\",\"url\":\"https:\/\/nbc-ar.com\/\",\"name\":\"NBC Elettronica Latinoam\u00e9rica | Argentina\",\"description\":\"Sistemas de pesaje, balanzas electr\u00f3nicas y celdas de carga para aplicaciones industriales\",\"publisher\":{\"@id\":\"https:\/\/nbc-ar.com\/#organization\"},\"potentialAction\":[{\"@type\":\"SearchAction\",\"target\":{\"@type\":\"EntryPoint\",\"urlTemplate\":\"https:\/\/nbc-ar.com\/?s={search_term_string}\"},\"query-input\":{\"@type\":\"PropertyValueSpecification\",\"valueRequired\":true,\"valueName\":\"search_term_string\"}}],\"inLanguage\":\"pt-BR\"},{\"@type\":\"Organization\",\"@id\":\"https:\/\/nbc-ar.com\/#organization\",\"name\":\"NBC Elettronica Argentina\",\"url\":\"https:\/\/nbc-ar.com\/\",\"logo\":{\"@type\":\"ImageObject\",\"inLanguage\":\"pt-BR\",\"@id\":\"https:\/\/nbc-ar.com\/#\/schema\/logo\/image\/\",\"url\":\"https:\/\/nbc-ar.com\/wp-content\/uploads\/nbc-elettronica-group-logo-h.png\",\"contentUrl\":\"https:\/\/nbc-ar.com\/wp-content\/uploads\/nbc-elettronica-group-logo-h.png\",\"width\":282,\"height\":287,\"caption\":\"NBC Elettronica Argentina\"},\"image\":{\"@id\":\"https:\/\/nbc-ar.com\/#\/schema\/logo\/image\/\"}}]}<\/script>","yoast_head_json":{"title":"Produtos de Pesagem | Balan\u00e7as Eletr\u00f4nicas | C\u00e9lulas de Carga | N.B.C. Elettronica Brasil","description":"Balan\u00e7as eletr\u00f4nicas para pesagem industrial, c\u00e9lulas de carga, instrumenta\u00e7\u00e3o, dinam\u00f4metros e muito mais. Conhe\u00e7a todos os nossos produtos.","robots":{"index":"index","follow":"follow","max-snippet":"max-snippet:-1","max-image-preview":"max-image-preview:large","max-video-preview":"max-video-preview:-1"},"canonical":"https:\/\/nbc-ar.com\/pt-br\/produtos\/","og_locale":"pt_BR","og_type":"article","og_title":"Produtos de Pesagem | Balan\u00e7as Eletr\u00f4nicas | C\u00e9lulas de Carga | N.B.C. Elettronica Brasil","og_description":"Balan\u00e7as eletr\u00f4nicas para pesagem industrial, c\u00e9lulas de carga, instrumenta\u00e7\u00e3o, dinam\u00f4metros e muito mais. Conhe\u00e7a todos os nossos produtos.","og_url":"https:\/\/nbc-ar.com\/pt-br\/produtos\/","og_site_name":"NBC Elettronica Latinoam\u00e9rica | Argentina","article_modified_time":"2023-03-23T18:49:03+00:00","og_image":[{"width":600,"height":600,"url":"https:\/\/nbc-ar.com\/wp-content\/uploads\/nbc-elettronica-argentina-balanzas-industriales.jpg","type":"image\/jpeg"}],"twitter_card":"summary_large_image","twitter_misc":{"Est. tempo de leitura":"5 minutos"},"schema":{"@context":"https:\/\/schema.org","@graph":[{"@type":"WebPage","@id":"https:\/\/nbc-ar.com\/pt-br\/produtos\/","url":"https:\/\/nbc-ar.com\/pt-br\/produtos\/","name":"Produtos de Pesagem | Balan\u00e7as Eletr\u00f4nicas | C\u00e9lulas de Carga | N.B.C. Elettronica Brasil","isPartOf":{"@id":"https:\/\/nbc-ar.com\/#website"},"primaryImageOfPage":{"@id":"https:\/\/nbc-ar.com\/pt-br\/produtos\/#primaryimage"},"image":{"@id":"https:\/\/nbc-ar.com\/pt-br\/produtos\/#primaryimage"},"thumbnailUrl":"https:\/\/nbc-ar.com\/wp-content\/uploads\/nbc-elettronica-argentina-balanzas-industriales.jpg","datePublished":"2019-03-27T22:21:03+00:00","dateModified":"2023-03-23T18:49:03+00:00","description":"Balan\u00e7as eletr\u00f4nicas para pesagem industrial, c\u00e9lulas de carga, instrumenta\u00e7\u00e3o, dinam\u00f4metros e muito mais. Conhe\u00e7a todos os nossos produtos.","breadcrumb":{"@id":"https:\/\/nbc-ar.com\/pt-br\/produtos\/#breadcrumb"},"inLanguage":"pt-BR","potentialAction":[{"@type":"ReadAction","target":["https:\/\/nbc-ar.com\/pt-br\/produtos\/"]}]},{"@type":"ImageObject","inLanguage":"pt-BR","@id":"https:\/\/nbc-ar.com\/pt-br\/produtos\/#primaryimage","url":"https:\/\/nbc-ar.com\/wp-content\/uploads\/nbc-elettronica-argentina-balanzas-industriales.jpg","contentUrl":"https:\/\/nbc-ar.com\/wp-content\/uploads\/nbc-elettronica-argentina-balanzas-industriales.jpg","width":600,"height":600},{"@type":"BreadcrumbList","@id":"https:\/\/nbc-ar.com\/pt-br\/produtos\/#breadcrumb","itemListElement":[{"@type":"ListItem","position":1,"name":"Home","item":"https:\/\/nbc-ar.com\/pt-br\/"},{"@type":"ListItem","position":2,"name":"Solutions"}]},{"@type":"WebSite","@id":"https:\/\/nbc-ar.com\/#website","url":"https:\/\/nbc-ar.com\/","name":"NBC Elettronica Latinoam\u00e9rica | Argentina","description":"Sistemas de pesaje, balanzas electr\u00f3nicas y celdas de carga para aplicaciones industriales","publisher":{"@id":"https:\/\/nbc-ar.com\/#organization"},"potentialAction":[{"@type":"SearchAction","target":{"@type":"EntryPoint","urlTemplate":"https:\/\/nbc-ar.com\/?s={search_term_string}"},"query-input":{"@type":"PropertyValueSpecification","valueRequired":true,"valueName":"search_term_string"}}],"inLanguage":"pt-BR"},{"@type":"Organization","@id":"https:\/\/nbc-ar.com\/#organization","name":"NBC Elettronica Argentina","url":"https:\/\/nbc-ar.com\/","logo":{"@type":"ImageObject","inLanguage":"pt-BR","@id":"https:\/\/nbc-ar.com\/#\/schema\/logo\/image\/","url":"https:\/\/nbc-ar.com\/wp-content\/uploads\/nbc-elettronica-group-logo-h.png","contentUrl":"https:\/\/nbc-ar.com\/wp-content\/uploads\/nbc-elettronica-group-logo-h.png","width":282,"height":287,"caption":"NBC Elettronica Argentina"},"image":{"@id":"https:\/\/nbc-ar.com\/#\/schema\/logo\/image\/"}}]}},"_links":{"self":[{"href":"https:\/\/nbc-ar.com\/pt-br\/wp-json\/wp\/v2\/pages\/72344","targetHints":{"allow":["GET"]}}],"collection":[{"href":"https:\/\/nbc-ar.com\/pt-br\/wp-json\/wp\/v2\/pages"}],"about":[{"href":"https:\/\/nbc-ar.com\/pt-br\/wp-json\/wp\/v2\/types\/page"}],"author":[{"embeddable":true,"href":"https:\/\/nbc-ar.com\/pt-br\/wp-json\/wp\/v2\/users\/4"}],"replies":[{"embeddable":true,"href":"https:\/\/nbc-ar.com\/pt-br\/wp-json\/wp\/v2\/comments?post=72344"}],"version-history":[{"count":0,"href":"https:\/\/nbc-ar.com\/pt-br\/wp-json\/wp\/v2\/pages\/72344\/revisions"}],"wp:featuredmedia":[{"embeddable":true,"href":"https:\/\/nbc-ar.com\/pt-br\/wp-json\/wp\/v2\/media\/72308"}],"wp:attachment":[{"href":"https:\/\/nbc-ar.com\/pt-br\/wp-json\/wp\/v2\/media?parent=72344"}],"curies":[{"name":"wp","href":"https:\/\/api.w.org\/{rel}","templated":true}]}}