{"id":73202,"date":"2023-03-22T16:27:02","date_gmt":"2023-03-22T19:27:02","guid":{"rendered":"https:\/\/nbc-ar.com\/?page_id=73202"},"modified":"2023-09-05T13:04:42","modified_gmt":"2023-09-05T16:04:42","slug":"contato","status":"publish","type":"page","link":"https:\/\/nbc-ar.com\/pt-br\/contato\/","title":{"rendered":"Contato"},"content":{"rendered":"<p>[vc_row full_width=&#8221;stretch_row&#8221; content_placement=&#8221;top&#8221; parallax=&#8221;content-moving&#8221; type=&#8221;container&#8221; padding_top=&#8221;&#8221; padding_bottom=&#8221;&#8221; css=&#8221;.vc_custom_1684444535094{margin-top: 0px !important;margin-bottom: 0px !important;background-color: #0a0a0a !important;}&#8221; el_id=&#8221;menubottom&#8221;][vc_column][vc_empty_space height=&#8221;120px&#8221;][\/vc_column][\/vc_row][vc_row full_width=&#8221;stretch_row&#8221; equal_height=&#8221;yes&#8221; type=&#8221;container&#8221; padding_top=&#8221;&#8221; padding_bottom=&#8221;&#8221; css=&#8221;.vc_custom_1684444397222{margin-top: 0px !important;padding-top: 38px !important;padding-bottom: 0px !important;}&#8221; el_id=&#8221;contactform&#8221;][vc_column][vc_column_text]<\/p>\n<h3>\u00a1Contato r\u00e1pido!<\/h3>\n<p>[\/vc_column_text][\/vc_column][\/vc_row][vc_row type=&#8221;container&#8221;][vc_column width=&#8221;1\/3&#8243;][vc_column_text]Entre em contato com um consultor da NBC Elettronica atrav\u00e9s deste formul\u00e1rio. N\u00f3s responderemos o mais breve poss\u00edvel.<\/p>\n<p>N\u00e3o hesite em nos perguntar tamb\u00e9m, se voc\u00ea n\u00e3o encontrar o produto que est\u00e1 procurando ou mesmo se n\u00e3o sabe exatamente qual a solu\u00e7\u00e3o que precisa.<\/p>\n<h3>Informa\u00e7\u00e3o de contato<\/h3>\n<p>Contato: Eng. Johny Lima<br \/>\nDpto. Engenharia e Aplica\u00e7\u00e3o<br \/>\nCel.: +55 11 99172-1597<br \/>\nFixo: +55 11 4722-2226<br \/>\ne-mail: vendas@nbc-ar.com[\/vc_column_text][\/vc_column][vc_column width=&#8221;2\/3&#8243;][vc_column_text]<form id=\"pontdb\" method=\"POST\" action=\"\"><div class=\"row\"><div class=\"col-sm\"><div class=\"form-group\"><label for=\"nombre-completo\">Nome completo:<\/label><input type=\"text\" class=\"form-control\" id=\"nombre-completo\" name=\"nombre_completo\" required><\/div><\/div><div class=\"col-sm\"><div class=\"form-group\"><label for=\"empresa\">Empresa:<\/label><input type=\"text\" class=\"form-control\" id=\"empresa\" name=\"empresa\" required><\/div><\/div><\/div><div class=\"row\"><div class=\"col-sm\"><div class=\"form-group\"><label for=\"email\">Email:<\/label><input type=\"email\" class=\"form-control\" id=\"email\" name=\"email\" required><\/div><\/div><div class=\"col-sm\"><div class=\"form-group\"><label for=\"telefono\">Telefone:<\/label><input type=\"text\" class=\"form-control\" id=\"telefono\" name=\"telefono\" ><\/div><\/div><\/div><div class=\"row\"><\/div><div class=\"row\"><\/div><div class=\"row\"><div class=\"col\"><div class=\"form-group\"><label for=\"mensaje\">Mensagem:<\/label><textarea class=\"form-control\" id=\"mensaje\" name=\"mensaje\" rows=\"5\"><\/textarea><\/div><\/div><\/div><input type=\"hidden\" id=\"listid\" name=\"listid\" value=\"2\"><input type=\"hidden\" id=\"urlpage\" name=\"urlpage\" value=\"https:\/\/nbc-ar.com\/pt-br\/obrigado\/\"><input type=\"hidden\" id=\"urlerror\" name=\"urlerror\" value=\"#\"><input type=\"hidden\" id=\"thankemail\" name=\"thankemail\" value=\"true\"><input type=\"hidden\" name=\"recaptcha_response\" id=\"recaptchaResponse\"><div class=\"row\"><div class=\"col\"><button id=\"submit-button\" type=\"submit\" name=\"submit\" class=\"btn btn-success\" value=\"pontdb\" >ENVIAR MENSAGEM<\/button><\/div><\/div><\/form><script src=\"https:\/\/www.google.com\/recaptcha\/api.js?render=6LfWUxUmAAAAANJmjRlXJTmu3vEiZIwqr2-jEdZ3\"><\/script><script>\r\n\t\tgrecaptcha.ready(function() {\r\n\t\tgrecaptcha.execute(\"6LfWUxUmAAAAANJmjRlXJTmu3vEiZIwqr2-jEdZ3\", {action: \"formulario\"})\r\n\t\t.then(function(token) {\r\n\t\tvar recaptchaResponse = document.getElementById(\"recaptchaResponse\");\r\n\t\trecaptchaResponse.value = token;\r\n\t\t});});\r\n\t<\/script><script>\r\n\t\tdocument.getElementById(\"submit-button\").addEventListener(\"click\", function() {\r\n\r\n\t\tvar requiredFields = document.querySelectorAll(\"#pontdb [required]\");\r\n\t\tvar formIsValid = true;\r\n\r\n\t\trequiredFields.forEach(function(field) {\r\n\t\t\tif (!field.value.trim()) {\r\n\t\t\t\tfield.classList.add(\"is-invalid\");\r\n\t\t\t\tformIsValid = false;\r\n\t\t\t} else {\r\n\t\t\t\tfield.classList.remove(\"is-invalid\");\r\n\t\t\t}\r\n\t\t\tif (field.type === \"email\") {\r\n\t\t\t\tvar emailValido = \/^[^\\s@]+@[^\\s@]+\\.[^\\s@]+$\/.test(field.value);\r\n\t\t\t\tif (!emailValido) {\r\n\t\t\t\t\tfield.classList.add(\"is-invalid\");\r\n\t\t\t\t\tformIsValid = false;\r\n\t\t\t\t} else {\r\n\t\t\t\t\tfield.classList.remove(\"is-invalid\");\r\n\t\t\t\t}\r\n\t\t\t}\r\n\t\t});\r\n\r\n\t\t\/\/ Si todos los campos son v\u00e1lidos, permite el env\u00edo del formulario\r\n\t\tif (formIsValid) {\r\n\t\t\tdocument.getElementById(\"submit-button\").innerHTML = \"ENVIANDO...\";\r\n\t\t\tdocument.getElementById(\"submit-button\").classList.add(\"disabled\");\r\n\t\t}\r\n\t});\r\n\t<\/script>[\/vc_column_text][\/vc_column][\/vc_row][vc_row content_placement=&#8221;top&#8221; parallax=&#8221;content-moving&#8221; type=&#8221;container&#8221; padding_top=&#8221;&#8221; padding_bottom=&#8221;&#8221;][vc_column][vc_column_text]<\/p>\n<hr \/>\n<p>[\/vc_column_text][\/vc_column][\/vc_row][vc_row full_width=&#8221;stretch_row&#8221; type=&#8221;container&#8221; padding_top=&#8221;&#8221; padding_bottom=&#8221;&#8221; css=&#8221;.vc_custom_1490027255421{margin-bottom: 35px !important;padding-top: 30px !important;}&#8221;][vc_column css_animation=&#8221;none&#8221; width=&#8221;1\/3&#8243; css=&#8221;.vc_custom_1666374962115{margin-bottom: 0px !important;}&#8221;][vc_column_text css=&#8221;.vc_custom_1679513179272{margin-bottom: 0px !important;}&#8221;]<\/p>\n<h2>Certifica\u00e7\u00f5es<\/h2>\n<p>[\/vc_column_text][\/vc_column][vc_column width=&#8221;2\/3&#8243;][vc_column_text css_animation=&#8221;none&#8221;]<\/p>\n<h5>NBC ELETTRONICA GROUP premiou a UNI \u2013 EN \u2013 ISO 9001 pela BVQI, uma organiza\u00e7\u00e3o ativa em mais de 60 pa\u00edses. Produtos de acordo com os padr\u00f5es OIML R60, UNI CEI eN 45501, eN 50081-1 e ATEX EMC) eN 50082-2.<\/h5>\n<p>[\/vc_column_text][\/vc_column][\/vc_row][vc_row type=&#8221;container&#8221; padding_top=&#8221;&#8221; padding_bottom=&#8221;&#8221; css=&#8221;.vc_custom_1449270557833{margin-bottom: 75px !important;}&#8221;][vc_column]        \n\t<script type=\"text\/javascript\">\n\n\tjQuery(document).ready(function($) {\n\n\t\t$(\"#owlslider_1180481297\").owlCarousel({\n\t\t\tautoPlay: 4000, \n\t\t\titems : 5,\n\t\t\tpagination : false,\n\t\t\tstopOnHover : true,\n\t\t\titemsDesktop : [1199,4],\n\t\t\titemsDesktopSmall : [979,3]\n\t\t}); \n\t});\n\n\t<\/script>\n\n<div class=\"cg-logos\">\n\t<div class=\"row\">\n\t\t<div id=\"owlslider_1180481297\" class=\"owl-carousel\">\n\t\t\t\n\t\t<\/div>\n\t<\/div>\n<\/div>\n\n[\/vc_column][\/vc_row]<\/p>\n","protected":false},"excerpt":{"rendered":"<p>[vc_row full_width=&#8221;stretch_row&#8221; content_placement=&#8221;top&#8221; parallax=&#8221;content-moving&#8221; type=&#8221;container&#8221; padding_top=&#8221;&#8221; padding_bottom=&#8221;&#8221; css=&#8221;.vc_custom_1684444535094{margin-top: 0px !important;margin-bottom: 0px !important;background-color: #0a0a0a !important;}&#8221; el_id=&#8221;menubottom&#8221;][vc_column][vc_empty_space height=&#8221;120px&#8221;][\/vc_column][\/vc_row][vc_row full_width=&#8221;stretch_row&#8221; equal_height=&#8221;yes&#8221; type=&#8221;container&#8221; padding_top=&#8221;&#8221; padding_bottom=&#8221;&#8221; css=&#8221;.vc_custom_1684444397222{margin-top: 0px !important;padding-top: 38px !important;padding-bottom: 0px !important;}&#8221; el_id=&#8221;contactform&#8221;][vc_column][vc_column_text] \u00a1Contato r\u00e1pido! [\/vc_column_text][\/vc_column][\/vc_row][vc_row type=&#8221;container&#8221;][vc_column width=&#8221;1\/3&#8243;][vc_column_text]Entre em contato com um consultor da NBC Elettronica atrav\u00e9s deste formul\u00e1rio. N\u00f3s responderemos o mais breve poss\u00edvel. N\u00e3o hesite em nos [&hellip;]<\/p>\n","protected":false},"author":3,"featured_media":72308,"parent":0,"menu_order":0,"comment_status":"closed","ping_status":"closed","template":"page-full-width.php","meta":{"_acf_changed":false,"footnotes":""},"class_list":["post-73202","page","type-page","status-publish","has-post-thumbnail","hentry"],"acf":[],"yoast_head":"<title>Contato - NBC Elettronica Latinoam\u00e9rica | Argentina<\/title>\n<meta name=\"robots\" content=\"index, follow, max-snippet:-1, max-image-preview:large, max-video-preview:-1\" \/>\n<link rel=\"canonical\" href=\"https:\/\/nbc-ar.com\/pt-br\/contato\/\" \/>\n<meta property=\"og:locale\" content=\"pt_BR\" \/>\n<meta property=\"og:type\" content=\"article\" \/>\n<meta property=\"og:title\" content=\"Contato - NBC Elettronica Latinoam\u00e9rica | Argentina\" \/>\n<meta property=\"og:description\" content=\"[vc_row full_width=&#8221;stretch_row&#8221; content_placement=&#8221;top&#8221; parallax=&#8221;content-moving&#8221; type=&#8221;container&#8221; padding_top=&#8221;&#8221; padding_bottom=&#8221;&#8221; css=&#8221;.vc_custom_1684444535094{margin-top: 0px !important;margin-bottom: 0px !important;background-color: #0a0a0a !important;}&#8221; el_id=&#8221;menubottom&#8221;][vc_column][vc_empty_space height=&#8221;120px&#8221;][\/vc_column][\/vc_row][vc_row full_width=&#8221;stretch_row&#8221; equal_height=&#8221;yes&#8221; type=&#8221;container&#8221; padding_top=&#8221;&#8221; padding_bottom=&#8221;&#8221; css=&#8221;.vc_custom_1684444397222{margin-top: 0px !important;padding-top: 38px !important;padding-bottom: 0px !important;}&#8221; el_id=&#8221;contactform&#8221;][vc_column][vc_column_text] \u00a1Contato r\u00e1pido! [\/vc_column_text][\/vc_column][\/vc_row][vc_row type=&#8221;container&#8221;][vc_column width=&#8221;1\/3&#8243;][vc_column_text]Entre em contato com um consultor da NBC Elettronica atrav\u00e9s deste formul\u00e1rio. N\u00f3s responderemos o mais breve poss\u00edvel. N\u00e3o hesite em nos [&hellip;]\" \/>\n<meta property=\"og:url\" content=\"https:\/\/nbc-ar.com\/pt-br\/contato\/\" \/>\n<meta property=\"og:site_name\" content=\"NBC Elettronica Latinoam\u00e9rica | Argentina\" \/>\n<meta property=\"article:modified_time\" content=\"2023-09-05T16:04:42+00:00\" \/>\n<meta property=\"og:image\" content=\"https:\/\/nbc-ar.com\/wp-content\/uploads\/nbc-elettronica-argentina-balanzas-industriales.jpg\" \/>\n\t<meta property=\"og:image:width\" content=\"600\" \/>\n\t<meta property=\"og:image:height\" content=\"600\" \/>\n\t<meta property=\"og:image:type\" content=\"image\/jpeg\" \/>\n<meta name=\"twitter:card\" content=\"summary_large_image\" \/>\n<meta name=\"twitter:label1\" content=\"Est. tempo de leitura\" \/>\n\t<meta name=\"twitter:data1\" content=\"1 minuto\" \/>\n<script type=\"application\/ld+json\" class=\"yoast-schema-graph\">{\"@context\":\"https:\/\/schema.org\",\"@graph\":[{\"@type\":\"WebPage\",\"@id\":\"https:\/\/nbc-ar.com\/pt-br\/contato\/\",\"url\":\"https:\/\/nbc-ar.com\/pt-br\/contato\/\",\"name\":\"Contato - NBC Elettronica Latinoam\u00e9rica | Argentina\",\"isPartOf\":{\"@id\":\"https:\/\/nbc-ar.com\/#website\"},\"primaryImageOfPage\":{\"@id\":\"https:\/\/nbc-ar.com\/pt-br\/contato\/#primaryimage\"},\"image\":{\"@id\":\"https:\/\/nbc-ar.com\/pt-br\/contato\/#primaryimage\"},\"thumbnailUrl\":\"https:\/\/nbc-ar.com\/wp-content\/uploads\/nbc-elettronica-argentina-balanzas-industriales.jpg\",\"datePublished\":\"2023-03-22T19:27:02+00:00\",\"dateModified\":\"2023-09-05T16:04:42+00:00\",\"breadcrumb\":{\"@id\":\"https:\/\/nbc-ar.com\/pt-br\/contato\/#breadcrumb\"},\"inLanguage\":\"pt-BR\",\"potentialAction\":[{\"@type\":\"ReadAction\",\"target\":[\"https:\/\/nbc-ar.com\/pt-br\/contato\/\"]}]},{\"@type\":\"ImageObject\",\"inLanguage\":\"pt-BR\",\"@id\":\"https:\/\/nbc-ar.com\/pt-br\/contato\/#primaryimage\",\"url\":\"https:\/\/nbc-ar.com\/wp-content\/uploads\/nbc-elettronica-argentina-balanzas-industriales.jpg\",\"contentUrl\":\"https:\/\/nbc-ar.com\/wp-content\/uploads\/nbc-elettronica-argentina-balanzas-industriales.jpg\",\"width\":600,\"height\":600},{\"@type\":\"BreadcrumbList\",\"@id\":\"https:\/\/nbc-ar.com\/pt-br\/contato\/#breadcrumb\",\"itemListElement\":[{\"@type\":\"ListItem\",\"position\":1,\"name\":\"Home\",\"item\":\"https:\/\/nbc-ar.com\/pt-br\/\"},{\"@type\":\"ListItem\",\"position\":2,\"name\":\"Contato\"}]},{\"@type\":\"WebSite\",\"@id\":\"https:\/\/nbc-ar.com\/#website\",\"url\":\"https:\/\/nbc-ar.com\/\",\"name\":\"NBC Elettronica Latinoam\u00e9rica | Argentina\",\"description\":\"Sistemas de pesaje, balanzas electr\u00f3nicas y celdas de carga para aplicaciones industriales\",\"publisher\":{\"@id\":\"https:\/\/nbc-ar.com\/#organization\"},\"potentialAction\":[{\"@type\":\"SearchAction\",\"target\":{\"@type\":\"EntryPoint\",\"urlTemplate\":\"https:\/\/nbc-ar.com\/?s={search_term_string}\"},\"query-input\":{\"@type\":\"PropertyValueSpecification\",\"valueRequired\":true,\"valueName\":\"search_term_string\"}}],\"inLanguage\":\"pt-BR\"},{\"@type\":\"Organization\",\"@id\":\"https:\/\/nbc-ar.com\/#organization\",\"name\":\"NBC Elettronica Argentina\",\"url\":\"https:\/\/nbc-ar.com\/\",\"logo\":{\"@type\":\"ImageObject\",\"inLanguage\":\"pt-BR\",\"@id\":\"https:\/\/nbc-ar.com\/#\/schema\/logo\/image\/\",\"url\":\"https:\/\/nbc-ar.com\/wp-content\/uploads\/nbc-elettronica-group-logo-h.png\",\"contentUrl\":\"https:\/\/nbc-ar.com\/wp-content\/uploads\/nbc-elettronica-group-logo-h.png\",\"width\":282,\"height\":287,\"caption\":\"NBC Elettronica Argentina\"},\"image\":{\"@id\":\"https:\/\/nbc-ar.com\/#\/schema\/logo\/image\/\"}}]}<\/script>","yoast_head_json":{"title":"Contato - NBC Elettronica Latinoam\u00e9rica | Argentina","robots":{"index":"index","follow":"follow","max-snippet":"max-snippet:-1","max-image-preview":"max-image-preview:large","max-video-preview":"max-video-preview:-1"},"canonical":"https:\/\/nbc-ar.com\/pt-br\/contato\/","og_locale":"pt_BR","og_type":"article","og_title":"Contato - NBC Elettronica Latinoam\u00e9rica | Argentina","og_description":"[vc_row full_width=&#8221;stretch_row&#8221; content_placement=&#8221;top&#8221; parallax=&#8221;content-moving&#8221; type=&#8221;container&#8221; padding_top=&#8221;&#8221; padding_bottom=&#8221;&#8221; css=&#8221;.vc_custom_1684444535094{margin-top: 0px !important;margin-bottom: 0px !important;background-color: #0a0a0a !important;}&#8221; el_id=&#8221;menubottom&#8221;][vc_column][vc_empty_space height=&#8221;120px&#8221;][\/vc_column][\/vc_row][vc_row full_width=&#8221;stretch_row&#8221; equal_height=&#8221;yes&#8221; type=&#8221;container&#8221; padding_top=&#8221;&#8221; padding_bottom=&#8221;&#8221; css=&#8221;.vc_custom_1684444397222{margin-top: 0px !important;padding-top: 38px !important;padding-bottom: 0px !important;}&#8221; el_id=&#8221;contactform&#8221;][vc_column][vc_column_text] \u00a1Contato r\u00e1pido! [\/vc_column_text][\/vc_column][\/vc_row][vc_row type=&#8221;container&#8221;][vc_column width=&#8221;1\/3&#8243;][vc_column_text]Entre em contato com um consultor da NBC Elettronica atrav\u00e9s deste formul\u00e1rio. N\u00f3s responderemos o mais breve poss\u00edvel. N\u00e3o hesite em nos [&hellip;]","og_url":"https:\/\/nbc-ar.com\/pt-br\/contato\/","og_site_name":"NBC Elettronica Latinoam\u00e9rica | Argentina","article_modified_time":"2023-09-05T16:04:42+00:00","og_image":[{"width":600,"height":600,"url":"https:\/\/nbc-ar.com\/wp-content\/uploads\/nbc-elettronica-argentina-balanzas-industriales.jpg","type":"image\/jpeg"}],"twitter_card":"summary_large_image","twitter_misc":{"Est. tempo de leitura":"1 minuto"},"schema":{"@context":"https:\/\/schema.org","@graph":[{"@type":"WebPage","@id":"https:\/\/nbc-ar.com\/pt-br\/contato\/","url":"https:\/\/nbc-ar.com\/pt-br\/contato\/","name":"Contato - NBC Elettronica Latinoam\u00e9rica | Argentina","isPartOf":{"@id":"https:\/\/nbc-ar.com\/#website"},"primaryImageOfPage":{"@id":"https:\/\/nbc-ar.com\/pt-br\/contato\/#primaryimage"},"image":{"@id":"https:\/\/nbc-ar.com\/pt-br\/contato\/#primaryimage"},"thumbnailUrl":"https:\/\/nbc-ar.com\/wp-content\/uploads\/nbc-elettronica-argentina-balanzas-industriales.jpg","datePublished":"2023-03-22T19:27:02+00:00","dateModified":"2023-09-05T16:04:42+00:00","breadcrumb":{"@id":"https:\/\/nbc-ar.com\/pt-br\/contato\/#breadcrumb"},"inLanguage":"pt-BR","potentialAction":[{"@type":"ReadAction","target":["https:\/\/nbc-ar.com\/pt-br\/contato\/"]}]},{"@type":"ImageObject","inLanguage":"pt-BR","@id":"https:\/\/nbc-ar.com\/pt-br\/contato\/#primaryimage","url":"https:\/\/nbc-ar.com\/wp-content\/uploads\/nbc-elettronica-argentina-balanzas-industriales.jpg","contentUrl":"https:\/\/nbc-ar.com\/wp-content\/uploads\/nbc-elettronica-argentina-balanzas-industriales.jpg","width":600,"height":600},{"@type":"BreadcrumbList","@id":"https:\/\/nbc-ar.com\/pt-br\/contato\/#breadcrumb","itemListElement":[{"@type":"ListItem","position":1,"name":"Home","item":"https:\/\/nbc-ar.com\/pt-br\/"},{"@type":"ListItem","position":2,"name":"Contato"}]},{"@type":"WebSite","@id":"https:\/\/nbc-ar.com\/#website","url":"https:\/\/nbc-ar.com\/","name":"NBC Elettronica Latinoam\u00e9rica | Argentina","description":"Sistemas de pesaje, balanzas electr\u00f3nicas y celdas de carga para aplicaciones industriales","publisher":{"@id":"https:\/\/nbc-ar.com\/#organization"},"potentialAction":[{"@type":"SearchAction","target":{"@type":"EntryPoint","urlTemplate":"https:\/\/nbc-ar.com\/?s={search_term_string}"},"query-input":{"@type":"PropertyValueSpecification","valueRequired":true,"valueName":"search_term_string"}}],"inLanguage":"pt-BR"},{"@type":"Organization","@id":"https:\/\/nbc-ar.com\/#organization","name":"NBC Elettronica Argentina","url":"https:\/\/nbc-ar.com\/","logo":{"@type":"ImageObject","inLanguage":"pt-BR","@id":"https:\/\/nbc-ar.com\/#\/schema\/logo\/image\/","url":"https:\/\/nbc-ar.com\/wp-content\/uploads\/nbc-elettronica-group-logo-h.png","contentUrl":"https:\/\/nbc-ar.com\/wp-content\/uploads\/nbc-elettronica-group-logo-h.png","width":282,"height":287,"caption":"NBC Elettronica Argentina"},"image":{"@id":"https:\/\/nbc-ar.com\/#\/schema\/logo\/image\/"}}]}},"_links":{"self":[{"href":"https:\/\/nbc-ar.com\/pt-br\/wp-json\/wp\/v2\/pages\/73202","targetHints":{"allow":["GET"]}}],"collection":[{"href":"https:\/\/nbc-ar.com\/pt-br\/wp-json\/wp\/v2\/pages"}],"about":[{"href":"https:\/\/nbc-ar.com\/pt-br\/wp-json\/wp\/v2\/types\/page"}],"author":[{"embeddable":true,"href":"https:\/\/nbc-ar.com\/pt-br\/wp-json\/wp\/v2\/users\/3"}],"replies":[{"embeddable":true,"href":"https:\/\/nbc-ar.com\/pt-br\/wp-json\/wp\/v2\/comments?post=73202"}],"version-history":[{"count":0,"href":"https:\/\/nbc-ar.com\/pt-br\/wp-json\/wp\/v2\/pages\/73202\/revisions"}],"wp:featuredmedia":[{"embeddable":true,"href":"https:\/\/nbc-ar.com\/pt-br\/wp-json\/wp\/v2\/media\/72308"}],"wp:attachment":[{"href":"https:\/\/nbc-ar.com\/pt-br\/wp-json\/wp\/v2\/media?parent=73202"}],"curies":[{"name":"wp","href":"https:\/\/api.w.org\/{rel}","templated":true}]}}