{"id":73222,"date":"2023-03-23T14:42:52","date_gmt":"2023-03-23T17:42:52","guid":{"rendered":"https:\/\/nbc-ar.com\/?page_id=73222"},"modified":"2023-05-19T11:47:48","modified_gmt":"2023-05-19T14:47:48","slug":"seguranca","status":"publish","type":"page","link":"https:\/\/nbc-ar.com\/pt-br\/setores\/seguranca\/","title":{"rendered":"Setor de Seguran\u00e7a"},"content":{"rendered":"<p>[vc_row full_width=&#8221;stretch_row&#8221; content_placement=&#8221;top&#8221; parallax=&#8221;content-moving&#8221; type=&#8221;container&#8221; padding_top=&#8221;&#8221; padding_bottom=&#8221;&#8221; css=&#8221;.vc_custom_1666969783137{margin-top: 0px !important;margin-bottom: 0px !important;background-color: #0a0a0a !important;}&#8221;][vc_column][vc_empty_space height=&#8221;100px&#8221;][\/vc_column][\/vc_row][vc_row full_width=&#8221;stretch_row&#8221; equal_height=&#8221;yes&#8221; type=&#8221;container&#8221; padding_top=&#8221;&#8221; padding_bottom=&#8221;&#8221; css=&#8221;.vc_custom_1668436310620{margin-top: 0px !important;padding-top: 0px !important;padding-bottom: 38px !important;background-color: #0a0a0a !important;}&#8221;][vc_column][vc_column_text]<\/p>\n<h2 style=\"color: #ffffff; text-align: center;\">SECTOR DA SEGURAN\u00c7A<\/h2>\n<p>[\/vc_column_text][\/vc_column][\/vc_row][vc_row full_width=&#8221;stretch_row&#8221; equal_height=&#8221;yes&#8221; type=&#8221;container&#8221; padding_top=&#8221;&#8221; padding_bottom=&#8221;&#8221; css=&#8221;.vc_custom_1666980823783{margin-top: 0px !important;padding-top: 50px !important;padding-bottom: 40px !important;background-color: #e9e9e9 !important;}&#8221; el_class=&#8221;bg-lines&#8221;][vc_column width=&#8221;1\/2&#8243;][vc_single_image image=&#8221;73374&#8243; img_size=&#8221;full&#8221; alignment=&#8221;center&#8221; css_animation=&#8221;fadeInLeft&#8221;][\/vc_column][vc_column width=&#8221;1\/2&#8243;][vc_empty_space height=&#8221;38px&#8221;][vc_column_text]<\/p>\n<h2>LIMITA\u00c7\u00c3O DE CARGA<br \/>\nEM GRUAS DE PONTE<\/h2>\n<p>C\u00e9lulas de carga e instrumenta\u00e7\u00e3o para limita\u00e7\u00e3o de carga, para prote\u00e7\u00e3o de sobrecarga de pontes rolantes. Sistemas de limita\u00e7\u00e3o de carga compat\u00edveis com o SIL. Projectos \u00e0 medida.[\/vc_column_text][vc_empty_space height=&#8221;5px&#8221;][vc_btn title=&#8221;CONSULTE&#8221; style=&#8221;outline&#8221; shape=&#8221;square&#8221; color=&#8221;black&#8221; size=&#8221;lg&#8221; align=&#8221;left&#8221; link=&#8221;url:https%3A%2F%2Fnbc-ar.com%2Fpt-br%2Fcontato%2F|||&#8221;][\/vc_column][\/vc_row][vc_row full_width=&#8221;stretch_row&#8221; equal_height=&#8221;yes&#8221; type=&#8221;container&#8221; padding_top=&#8221;&#8221; padding_bottom=&#8221;&#8221; css=&#8221;.vc_custom_1666980842159{margin-top: 0px !important;padding-top: 50px !important;padding-bottom: 40px !important;background-color: #0a0a0a !important;}&#8221; el_class=&#8221;bg-lines&#8221;][vc_column width=&#8221;1\/2&#8243;][vc_empty_space height=&#8221;38px&#8221;][vc_column_text]<\/p>\n<h2 style=\"text-align: right; color: #ffffff;\">MONTA-CARGAS<br \/>\nE ELEVADORES<\/h2>\n<p style=\"text-align: right; color: #ffffff;\">C\u00e9lulas de carga e instrumentos para limita\u00e7\u00e3o de carga, para a prote\u00e7\u00e3o de sobrecarga de empilhadores e elevadores.<\/p>\n<p>[\/vc_column_text][vc_empty_space height=&#8221;5px&#8221;][vc_btn title=&#8221;CONSULTE&#8221; style=&#8221;outline&#8221; shape=&#8221;square&#8221; color=&#8221;white&#8221; size=&#8221;lg&#8221; align=&#8221;right&#8221; link=&#8221;url:https%3A%2F%2Fnbc-ar.com%2Fpt-br%2Fcontato%2F|||&#8221;][\/vc_column][vc_column width=&#8221;1\/2&#8243;][vc_single_image image=&#8221;73376&#8243; img_size=&#8221;full&#8221; alignment=&#8221;center&#8221; css_animation=&#8221;fadeInRight&#8221;][\/vc_column][\/vc_row][vc_row full_width=&#8221;stretch_row&#8221; equal_height=&#8221;yes&#8221; type=&#8221;container&#8221; padding_top=&#8221;&#8221; padding_bottom=&#8221;&#8221; css=&#8221;.vc_custom_1666980823783{margin-top: 0px !important;padding-top: 50px !important;padding-bottom: 40px !important;background-color: #e9e9e9 !important;}&#8221; el_class=&#8221;bg-lines&#8221;][vc_column width=&#8221;1\/2&#8243;][vc_single_image image=&#8221;73380&#8243; img_size=&#8221;full&#8221; alignment=&#8221;center&#8221; css_animation=&#8221;fadeInLeft&#8221;][\/vc_column][vc_column width=&#8221;1\/2&#8243;][vc_empty_space height=&#8221;38px&#8221;][vc_column_text]<\/p>\n<h2>ALARMES DE BAIXA<br \/>\nE SOBRECARGA<\/h2>\n<p>C\u00e9lulas de carga e instrumenta\u00e7\u00e3o para monitoriza\u00e7\u00e3o cont\u00ednua de pesos m\u00ednimos ou m\u00e1ximos em contentores, sistemas centralizados de extin\u00e7\u00e3o de inc\u00eandios, etc.[\/vc_column_text][vc_empty_space height=&#8221;5px&#8221;][vc_btn title=&#8221;CONSULTE&#8221; style=&#8221;outline&#8221; shape=&#8221;square&#8221; color=&#8221;black&#8221; size=&#8221;lg&#8221; align=&#8221;left&#8221; link=&#8221;url:https%3A%2F%2Fnbc-ar.com%2Fpt-br%2Fcontato%2F|||&#8221;][\/vc_column][\/vc_row][vc_row full_width=&#8221;stretch_row&#8221; equal_height=&#8221;yes&#8221; type=&#8221;container&#8221; padding_top=&#8221;&#8221; padding_bottom=&#8221;&#8221; css=&#8221;.vc_custom_1666980842159{margin-top: 0px !important;padding-top: 50px !important;padding-bottom: 40px !important;background-color: #0a0a0a !important;}&#8221; el_class=&#8221;bg-lines&#8221;][vc_column width=&#8221;1\/2&#8243;][vc_empty_space height=&#8221;38px&#8221;][vc_column_text]<\/p>\n<h2 style=\"text-align: right; color: #ffffff;\">CONTROLO DAS LINHAS<br \/>\nDE VIDA<\/h2>\n<p style=\"text-align: right; color: #ffffff;\">Equipamento completo para a verifica\u00e7\u00e3o das linhas de vida utilizadas nos trabalhos em altura.<\/p>\n<p>[\/vc_column_text][vc_empty_space height=&#8221;5px&#8221;][vc_btn title=&#8221;CONSULTE&#8221; style=&#8221;outline&#8221; shape=&#8221;square&#8221; color=&#8221;white&#8221; size=&#8221;lg&#8221; align=&#8221;right&#8221; link=&#8221;url:https%3A%2F%2Fnbc-ar.com%2Fpt-br%2Fcontato%2F|||&#8221;][\/vc_column][vc_column width=&#8221;1\/2&#8243;][vc_single_image image=&#8221;73378&#8243; img_size=&#8221;full&#8221; alignment=&#8221;center&#8221; css_animation=&#8221;fadeInRight&#8221;][\/vc_column][\/vc_row][vc_row content_placement=&#8221;top&#8221; parallax=&#8221;content-moving&#8221; type=&#8221;container&#8221; padding_top=&#8221;&#8221; padding_bottom=&#8221;&#8221; css=&#8221;.vc_custom_1666015874923{margin-top: -20px !important;margin-bottom: -20px !important;}&#8221;][vc_column][vc_empty_space height=&#8221;62px&#8221;][\/vc_column][\/vc_row][vc_row full_width=&#8221;stretch_row&#8221; type=&#8221;container&#8221; padding_top=&#8221;&#8221; padding_bottom=&#8221;&#8221; css=&#8221;.vc_custom_1490027255421{margin-bottom: 35px !important;padding-top: 30px !important;}&#8221;][vc_column css_animation=&#8221;none&#8221; width=&#8221;1\/3&#8243; css=&#8221;.vc_custom_1666374962115{margin-bottom: 0px !important;}&#8221;][vc_column_text css=&#8221;.vc_custom_1679592983990{margin-bottom: 0px !important;}&#8221;]<\/p>\n<h2>Certifica\u00e7\u00f5es<\/h2>\n<p>[\/vc_column_text][\/vc_column][vc_column width=&#8221;2\/3&#8243;][vc_column_text css_animation=&#8221;none&#8221;]<\/p>\n<h5><span style=\"color: #666666;\">NBC\u00a0ELETTRONICA GROUP premiou a UNI \u2013 EN \u2013 ISO 9001 pela BVQI, uma organiza\u00e7\u00e3o ativa em mais de 60 pa\u00edses. Produtos de acordo com os padr\u00f5es OIML R60, UNI CEI eN 45501, eN 50081-1 e ATEX EMC) eN 50082-2.<\/span><\/h5>\n<p>[\/vc_column_text][\/vc_column][\/vc_row][vc_row type=&#8221;container&#8221; padding_top=&#8221;&#8221; padding_bottom=&#8221;&#8221; css=&#8221;.vc_custom_1449270557833{margin-bottom: 75px !important;}&#8221;][vc_column]        \n\t<script type=\"text\/javascript\">\n\n\tjQuery(document).ready(function($) {\n\n\t\t$(\"#owlslider_402404301\").owlCarousel({\n\t\t\tautoPlay: 4000, \n\t\t\titems : 5,\n\t\t\tpagination : false,\n\t\t\tstopOnHover : true,\n\t\t\titemsDesktop : [1199,4],\n\t\t\titemsDesktopSmall : [979,3]\n\t\t}); \n\t});\n\n\t<\/script>\n\n<div class=\"cg-logos\">\n\t<div class=\"row\">\n\t\t<div id=\"owlslider_402404301\" class=\"owl-carousel\">\n\t\t\t\n\t\t<\/div>\n\t<\/div>\n<\/div>\n\n[\/vc_column][\/vc_row][vc_row css_animation=&#8221;none&#8221; type=&#8221;full_page_width_inner_container&#8221; padding_top=&#8221;&#8221; padding_bottom=&#8221;&#8221; css=&#8221;.vc_custom_1666715003914{margin-bottom: 0px !important;padding-top: 100px !important;padding-bottom: 100px !important;background-color: #e9e9e9 !important;}&#8221; el_class=&#8221;bg-lines&#8221;][vc_column][vc_column_text]<\/p>\n<h3 style=\"text-align: center;\">\u201cNa NBC ELETTRONICA oferecemos toda nossa experi\u00eancia no projeto e na produ\u00e7\u00e3o de balan\u00e7as industriais, c\u00e9lulas de carga e equipamentos de pesagem eletr\u00f4nico.\u201d<\/h3>\n<p>[\/vc_column_text][vc_btn title=&#8221;FAZER UMA PERGUNTA&#8221; style=&#8221;outline&#8221; shape=&#8221;square&#8221; color=&#8221;black&#8221; size=&#8221;lg&#8221; align=&#8221;center&#8221; link=&#8221;url:https%3A%2F%2Fnbc-ar.com%2Fpt-br%2Fcontato%2F|title:Contato||&#8221;][vc_empty_space][\/vc_column][\/vc_row]<\/p>\n","protected":false},"excerpt":{"rendered":"<p>[vc_row full_width=&#8221;stretch_row&#8221; content_placement=&#8221;top&#8221; parallax=&#8221;content-moving&#8221; type=&#8221;container&#8221; padding_top=&#8221;&#8221; padding_bottom=&#8221;&#8221; css=&#8221;.vc_custom_1666969783137{margin-top: 0px !important;margin-bottom: 0px !important;background-color: #0a0a0a !important;}&#8221;][vc_column][vc_empty_space height=&#8221;100px&#8221;][\/vc_column][\/vc_row][vc_row full_width=&#8221;stretch_row&#8221; equal_height=&#8221;yes&#8221; type=&#8221;container&#8221; padding_top=&#8221;&#8221; padding_bottom=&#8221;&#8221; css=&#8221;.vc_custom_1668436310620{margin-top: 0px !important;padding-top: 0px !important;padding-bottom: 38px !important;background-color: #0a0a0a !important;}&#8221;][vc_column][vc_column_text] SECTOR DA SEGURAN\u00c7A [\/vc_column_text][\/vc_column][\/vc_row][vc_row full_width=&#8221;stretch_row&#8221; equal_height=&#8221;yes&#8221; type=&#8221;container&#8221; padding_top=&#8221;&#8221; padding_bottom=&#8221;&#8221; css=&#8221;.vc_custom_1666980823783{margin-top: 0px !important;padding-top: 50px !important;padding-bottom: 40px !important;background-color: #e9e9e9 !important;}&#8221; el_class=&#8221;bg-lines&#8221;][vc_column width=&#8221;1\/2&#8243;][vc_single_image image=&#8221;73374&#8243; img_size=&#8221;full&#8221; alignment=&#8221;center&#8221; css_animation=&#8221;fadeInLeft&#8221;][\/vc_column][vc_column width=&#8221;1\/2&#8243;][vc_empty_space height=&#8221;38px&#8221;][vc_column_text] [&hellip;]<\/p>\n","protected":false},"author":3,"featured_media":72308,"parent":73211,"menu_order":0,"comment_status":"closed","ping_status":"closed","template":"page-full-width.php","meta":{"_acf_changed":false,"footnotes":""},"class_list":["post-73222","page","type-page","status-publish","has-post-thumbnail","hentry"],"acf":[],"yoast_head":"<title>Setor de Seguran\u00e7a - NBC Elettronica Latinoam\u00e9rica | Argentina<\/title>\n<meta name=\"robots\" content=\"index, follow, max-snippet:-1, max-image-preview:large, max-video-preview:-1\" \/>\n<link rel=\"canonical\" href=\"https:\/\/nbc-ar.com\/pt-br\/setores\/seguranca\/\" \/>\n<meta property=\"og:locale\" content=\"pt_BR\" \/>\n<meta property=\"og:type\" content=\"article\" \/>\n<meta property=\"og:title\" content=\"Setor de Seguran\u00e7a - NBC Elettronica Latinoam\u00e9rica | Argentina\" \/>\n<meta property=\"og:description\" content=\"[vc_row full_width=&#8221;stretch_row&#8221; content_placement=&#8221;top&#8221; parallax=&#8221;content-moving&#8221; type=&#8221;container&#8221; padding_top=&#8221;&#8221; padding_bottom=&#8221;&#8221; css=&#8221;.vc_custom_1666969783137{margin-top: 0px !important;margin-bottom: 0px !important;background-color: #0a0a0a !important;}&#8221;][vc_column][vc_empty_space height=&#8221;100px&#8221;][\/vc_column][\/vc_row][vc_row full_width=&#8221;stretch_row&#8221; equal_height=&#8221;yes&#8221; type=&#8221;container&#8221; padding_top=&#8221;&#8221; padding_bottom=&#8221;&#8221; css=&#8221;.vc_custom_1668436310620{margin-top: 0px !important;padding-top: 0px !important;padding-bottom: 38px !important;background-color: #0a0a0a !important;}&#8221;][vc_column][vc_column_text] SECTOR DA SEGURAN\u00c7A [\/vc_column_text][\/vc_column][\/vc_row][vc_row full_width=&#8221;stretch_row&#8221; equal_height=&#8221;yes&#8221; type=&#8221;container&#8221; padding_top=&#8221;&#8221; padding_bottom=&#8221;&#8221; css=&#8221;.vc_custom_1666980823783{margin-top: 0px !important;padding-top: 50px !important;padding-bottom: 40px !important;background-color: #e9e9e9 !important;}&#8221; el_class=&#8221;bg-lines&#8221;][vc_column width=&#8221;1\/2&#8243;][vc_single_image image=&#8221;73374&#8243; img_size=&#8221;full&#8221; alignment=&#8221;center&#8221; css_animation=&#8221;fadeInLeft&#8221;][\/vc_column][vc_column width=&#8221;1\/2&#8243;][vc_empty_space height=&#8221;38px&#8221;][vc_column_text] [&hellip;]\" \/>\n<meta property=\"og:url\" content=\"https:\/\/nbc-ar.com\/pt-br\/setores\/seguranca\/\" \/>\n<meta property=\"og:site_name\" content=\"NBC Elettronica Latinoam\u00e9rica | Argentina\" \/>\n<meta property=\"article:modified_time\" content=\"2023-05-19T14:47:48+00:00\" \/>\n<meta property=\"og:image\" content=\"https:\/\/nbc-ar.com\/wp-content\/uploads\/nbc-elettronica-argentina-balanzas-industriales.jpg\" \/>\n\t<meta property=\"og:image:width\" content=\"600\" \/>\n\t<meta property=\"og:image:height\" content=\"600\" \/>\n\t<meta property=\"og:image:type\" content=\"image\/jpeg\" \/>\n<meta name=\"twitter:card\" content=\"summary_large_image\" \/>\n<meta name=\"twitter:label1\" content=\"Est. tempo de leitura\" \/>\n\t<meta name=\"twitter:data1\" content=\"4 minutos\" \/>\n<script type=\"application\/ld+json\" class=\"yoast-schema-graph\">{\"@context\":\"https:\/\/schema.org\",\"@graph\":[{\"@type\":\"WebPage\",\"@id\":\"https:\/\/nbc-ar.com\/pt-br\/setores\/seguranca\/\",\"url\":\"https:\/\/nbc-ar.com\/pt-br\/setores\/seguranca\/\",\"name\":\"Setor de Seguran\u00e7a - NBC Elettronica Latinoam\u00e9rica | Argentina\",\"isPartOf\":{\"@id\":\"https:\/\/nbc-ar.com\/#website\"},\"primaryImageOfPage\":{\"@id\":\"https:\/\/nbc-ar.com\/pt-br\/setores\/seguranca\/#primaryimage\"},\"image\":{\"@id\":\"https:\/\/nbc-ar.com\/pt-br\/setores\/seguranca\/#primaryimage\"},\"thumbnailUrl\":\"https:\/\/nbc-ar.com\/wp-content\/uploads\/nbc-elettronica-argentina-balanzas-industriales.jpg\",\"datePublished\":\"2023-03-23T17:42:52+00:00\",\"dateModified\":\"2023-05-19T14:47:48+00:00\",\"breadcrumb\":{\"@id\":\"https:\/\/nbc-ar.com\/pt-br\/setores\/seguranca\/#breadcrumb\"},\"inLanguage\":\"pt-BR\",\"potentialAction\":[{\"@type\":\"ReadAction\",\"target\":[\"https:\/\/nbc-ar.com\/pt-br\/setores\/seguranca\/\"]}]},{\"@type\":\"ImageObject\",\"inLanguage\":\"pt-BR\",\"@id\":\"https:\/\/nbc-ar.com\/pt-br\/setores\/seguranca\/#primaryimage\",\"url\":\"https:\/\/nbc-ar.com\/wp-content\/uploads\/nbc-elettronica-argentina-balanzas-industriales.jpg\",\"contentUrl\":\"https:\/\/nbc-ar.com\/wp-content\/uploads\/nbc-elettronica-argentina-balanzas-industriales.jpg\",\"width\":600,\"height\":600},{\"@type\":\"BreadcrumbList\",\"@id\":\"https:\/\/nbc-ar.com\/pt-br\/setores\/seguranca\/#breadcrumb\",\"itemListElement\":[{\"@type\":\"ListItem\",\"position\":1,\"name\":\"Home\",\"item\":\"https:\/\/nbc-ar.com\/pt-br\/\"},{\"@type\":\"ListItem\",\"position\":2,\"name\":\"Setores\",\"item\":\"https:\/\/nbc-ar.com\/pt-br\/setores\/\"},{\"@type\":\"ListItem\",\"position\":3,\"name\":\"Setor de Seguran\u00e7a\"}]},{\"@type\":\"WebSite\",\"@id\":\"https:\/\/nbc-ar.com\/#website\",\"url\":\"https:\/\/nbc-ar.com\/\",\"name\":\"NBC Elettronica Latinoam\u00e9rica | Argentina\",\"description\":\"Sistemas de pesaje, balanzas electr\u00f3nicas y celdas de carga para aplicaciones industriales\",\"publisher\":{\"@id\":\"https:\/\/nbc-ar.com\/#organization\"},\"potentialAction\":[{\"@type\":\"SearchAction\",\"target\":{\"@type\":\"EntryPoint\",\"urlTemplate\":\"https:\/\/nbc-ar.com\/?s={search_term_string}\"},\"query-input\":{\"@type\":\"PropertyValueSpecification\",\"valueRequired\":true,\"valueName\":\"search_term_string\"}}],\"inLanguage\":\"pt-BR\"},{\"@type\":\"Organization\",\"@id\":\"https:\/\/nbc-ar.com\/#organization\",\"name\":\"NBC Elettronica Argentina\",\"url\":\"https:\/\/nbc-ar.com\/\",\"logo\":{\"@type\":\"ImageObject\",\"inLanguage\":\"pt-BR\",\"@id\":\"https:\/\/nbc-ar.com\/#\/schema\/logo\/image\/\",\"url\":\"https:\/\/nbc-ar.com\/wp-content\/uploads\/nbc-elettronica-group-logo-h.png\",\"contentUrl\":\"https:\/\/nbc-ar.com\/wp-content\/uploads\/nbc-elettronica-group-logo-h.png\",\"width\":282,\"height\":287,\"caption\":\"NBC Elettronica Argentina\"},\"image\":{\"@id\":\"https:\/\/nbc-ar.com\/#\/schema\/logo\/image\/\"}}]}<\/script>","yoast_head_json":{"title":"Setor de Seguran\u00e7a - NBC Elettronica Latinoam\u00e9rica | Argentina","robots":{"index":"index","follow":"follow","max-snippet":"max-snippet:-1","max-image-preview":"max-image-preview:large","max-video-preview":"max-video-preview:-1"},"canonical":"https:\/\/nbc-ar.com\/pt-br\/setores\/seguranca\/","og_locale":"pt_BR","og_type":"article","og_title":"Setor de Seguran\u00e7a - NBC Elettronica Latinoam\u00e9rica | Argentina","og_description":"[vc_row full_width=&#8221;stretch_row&#8221; content_placement=&#8221;top&#8221; parallax=&#8221;content-moving&#8221; type=&#8221;container&#8221; padding_top=&#8221;&#8221; padding_bottom=&#8221;&#8221; css=&#8221;.vc_custom_1666969783137{margin-top: 0px !important;margin-bottom: 0px !important;background-color: #0a0a0a !important;}&#8221;][vc_column][vc_empty_space height=&#8221;100px&#8221;][\/vc_column][\/vc_row][vc_row full_width=&#8221;stretch_row&#8221; equal_height=&#8221;yes&#8221; type=&#8221;container&#8221; padding_top=&#8221;&#8221; padding_bottom=&#8221;&#8221; css=&#8221;.vc_custom_1668436310620{margin-top: 0px !important;padding-top: 0px !important;padding-bottom: 38px !important;background-color: #0a0a0a !important;}&#8221;][vc_column][vc_column_text] SECTOR DA SEGURAN\u00c7A [\/vc_column_text][\/vc_column][\/vc_row][vc_row full_width=&#8221;stretch_row&#8221; equal_height=&#8221;yes&#8221; type=&#8221;container&#8221; padding_top=&#8221;&#8221; padding_bottom=&#8221;&#8221; css=&#8221;.vc_custom_1666980823783{margin-top: 0px !important;padding-top: 50px !important;padding-bottom: 40px !important;background-color: #e9e9e9 !important;}&#8221; el_class=&#8221;bg-lines&#8221;][vc_column width=&#8221;1\/2&#8243;][vc_single_image image=&#8221;73374&#8243; img_size=&#8221;full&#8221; alignment=&#8221;center&#8221; css_animation=&#8221;fadeInLeft&#8221;][\/vc_column][vc_column width=&#8221;1\/2&#8243;][vc_empty_space height=&#8221;38px&#8221;][vc_column_text] [&hellip;]","og_url":"https:\/\/nbc-ar.com\/pt-br\/setores\/seguranca\/","og_site_name":"NBC Elettronica Latinoam\u00e9rica | Argentina","article_modified_time":"2023-05-19T14:47:48+00:00","og_image":[{"width":600,"height":600,"url":"https:\/\/nbc-ar.com\/wp-content\/uploads\/nbc-elettronica-argentina-balanzas-industriales.jpg","type":"image\/jpeg"}],"twitter_card":"summary_large_image","twitter_misc":{"Est. tempo de leitura":"4 minutos"},"schema":{"@context":"https:\/\/schema.org","@graph":[{"@type":"WebPage","@id":"https:\/\/nbc-ar.com\/pt-br\/setores\/seguranca\/","url":"https:\/\/nbc-ar.com\/pt-br\/setores\/seguranca\/","name":"Setor de Seguran\u00e7a - NBC Elettronica Latinoam\u00e9rica | Argentina","isPartOf":{"@id":"https:\/\/nbc-ar.com\/#website"},"primaryImageOfPage":{"@id":"https:\/\/nbc-ar.com\/pt-br\/setores\/seguranca\/#primaryimage"},"image":{"@id":"https:\/\/nbc-ar.com\/pt-br\/setores\/seguranca\/#primaryimage"},"thumbnailUrl":"https:\/\/nbc-ar.com\/wp-content\/uploads\/nbc-elettronica-argentina-balanzas-industriales.jpg","datePublished":"2023-03-23T17:42:52+00:00","dateModified":"2023-05-19T14:47:48+00:00","breadcrumb":{"@id":"https:\/\/nbc-ar.com\/pt-br\/setores\/seguranca\/#breadcrumb"},"inLanguage":"pt-BR","potentialAction":[{"@type":"ReadAction","target":["https:\/\/nbc-ar.com\/pt-br\/setores\/seguranca\/"]}]},{"@type":"ImageObject","inLanguage":"pt-BR","@id":"https:\/\/nbc-ar.com\/pt-br\/setores\/seguranca\/#primaryimage","url":"https:\/\/nbc-ar.com\/wp-content\/uploads\/nbc-elettronica-argentina-balanzas-industriales.jpg","contentUrl":"https:\/\/nbc-ar.com\/wp-content\/uploads\/nbc-elettronica-argentina-balanzas-industriales.jpg","width":600,"height":600},{"@type":"BreadcrumbList","@id":"https:\/\/nbc-ar.com\/pt-br\/setores\/seguranca\/#breadcrumb","itemListElement":[{"@type":"ListItem","position":1,"name":"Home","item":"https:\/\/nbc-ar.com\/pt-br\/"},{"@type":"ListItem","position":2,"name":"Setores","item":"https:\/\/nbc-ar.com\/pt-br\/setores\/"},{"@type":"ListItem","position":3,"name":"Setor de Seguran\u00e7a"}]},{"@type":"WebSite","@id":"https:\/\/nbc-ar.com\/#website","url":"https:\/\/nbc-ar.com\/","name":"NBC Elettronica Latinoam\u00e9rica | Argentina","description":"Sistemas de pesaje, balanzas electr\u00f3nicas y celdas de carga para aplicaciones industriales","publisher":{"@id":"https:\/\/nbc-ar.com\/#organization"},"potentialAction":[{"@type":"SearchAction","target":{"@type":"EntryPoint","urlTemplate":"https:\/\/nbc-ar.com\/?s={search_term_string}"},"query-input":{"@type":"PropertyValueSpecification","valueRequired":true,"valueName":"search_term_string"}}],"inLanguage":"pt-BR"},{"@type":"Organization","@id":"https:\/\/nbc-ar.com\/#organization","name":"NBC Elettronica Argentina","url":"https:\/\/nbc-ar.com\/","logo":{"@type":"ImageObject","inLanguage":"pt-BR","@id":"https:\/\/nbc-ar.com\/#\/schema\/logo\/image\/","url":"https:\/\/nbc-ar.com\/wp-content\/uploads\/nbc-elettronica-group-logo-h.png","contentUrl":"https:\/\/nbc-ar.com\/wp-content\/uploads\/nbc-elettronica-group-logo-h.png","width":282,"height":287,"caption":"NBC Elettronica Argentina"},"image":{"@id":"https:\/\/nbc-ar.com\/#\/schema\/logo\/image\/"}}]}},"_links":{"self":[{"href":"https:\/\/nbc-ar.com\/pt-br\/wp-json\/wp\/v2\/pages\/73222","targetHints":{"allow":["GET"]}}],"collection":[{"href":"https:\/\/nbc-ar.com\/pt-br\/wp-json\/wp\/v2\/pages"}],"about":[{"href":"https:\/\/nbc-ar.com\/pt-br\/wp-json\/wp\/v2\/types\/page"}],"author":[{"embeddable":true,"href":"https:\/\/nbc-ar.com\/pt-br\/wp-json\/wp\/v2\/users\/3"}],"replies":[{"embeddable":true,"href":"https:\/\/nbc-ar.com\/pt-br\/wp-json\/wp\/v2\/comments?post=73222"}],"version-history":[{"count":0,"href":"https:\/\/nbc-ar.com\/pt-br\/wp-json\/wp\/v2\/pages\/73222\/revisions"}],"up":[{"embeddable":true,"href":"https:\/\/nbc-ar.com\/pt-br\/wp-json\/wp\/v2\/pages\/73211"}],"wp:featuredmedia":[{"embeddable":true,"href":"https:\/\/nbc-ar.com\/pt-br\/wp-json\/wp\/v2\/media\/72308"}],"wp:attachment":[{"href":"https:\/\/nbc-ar.com\/pt-br\/wp-json\/wp\/v2\/media?parent=73222"}],"curies":[{"name":"wp","href":"https:\/\/api.w.org\/{rel}","templated":true}]}}